{"id":14,"date":"2018-11-21T08:36:14","date_gmt":"2018-11-21T08:36:14","guid":{"rendered":"http:\/\/landesunoverband.de\/?page_id=14"},"modified":"2018-11-21T11:49:18","modified_gmt":"2018-11-21T11:49:18","slug":"kontakt","status":"publish","type":"page","link":"https:\/\/landesunoverband.de\/?page_id=14","title":{"rendered":"Kontakt"},"content":{"rendered":"\n<figure class=\"wp-block-image\"><img loading=\"lazy\" decoding=\"async\" width=\"797\" height=\"291\" src=\"http:\/\/landesunoverband.de\/wp-content\/uploads\/2018\/11\/plus4_kontakt.png\" alt=\"\" class=\"wp-image-77\" srcset=\"https:\/\/landesunoverband.de\/wp-content\/uploads\/2018\/11\/plus4_kontakt.png 797w, https:\/\/landesunoverband.de\/wp-content\/uploads\/2018\/11\/plus4_kontakt-300x110.png 300w, https:\/\/landesunoverband.de\/wp-content\/uploads\/2018\/11\/plus4_kontakt-768x280.png 768w\" sizes=\"auto, (max-width: 767px) 89vw, (max-width: 1000px) 54vw, (max-width: 1071px) 543px, 580px\" \/><\/figure>\n\n\n\n<p class=\"wp-block-paragraph\">Bei Fragen zur Homepage nehmen Sie gern Kontakt zum <a href=\"mailto:webmaster@landesunoverband.de\">Webmaster<\/a>&nbsp;auf.<\/p>\n\n\n\n<p class=\"wp-block-paragraph\">Rechtliche Hinweise<br>Es handelt sich bei dieser Homepage um eine Private ohne gewerblichen Zweck. Sie wird durch den Webmaster und das UNO-Team gepr\u00fcft.&nbsp;Zudem aktualisiert das Team die Informationen auf den Webseiten st\u00e4ndig. Trotz aller Sorgfalt k\u00f6nnen sich die Daten inzwischen ver\u00e4ndert haben. Eine Haftung oder Garantie f\u00fcr die Aktualit\u00e4t, Richtigkeit und Vollst\u00e4ndigkeit der zur Verf\u00fcgung gestellten Informationen kann daher nicht \u00fcbernommen werden.<\/p>\n\n\n\n<p class=\"wp-block-paragraph\">S\u00e4mtliche angebotenen Informationen und Grafiken d\u00fcrfen &#8211; auch auszugsweise &#8211; nur mit schriftlicher Genehmigung des Webseiten-Betreibers weiterverbreitet oder anderweitig ver\u00f6ffentlicht werden. Keinesfalls ist es gestattet, die abgerufenen Informationen online oder auf andere Medien weiterzuverbreiten oder kommerziell zu nutzen!<\/p>\n\n\n\n<p class=\"wp-block-paragraph\">Bildquellen<br>Die auf dieser Internetseite dargestellten Bilder und Grafiken sind Eigentum des Webmasters oder UNO-Teams.<\/p>\n","protected":false},"excerpt":{"rendered":"<p>Bei Fragen zur Homepage nehmen Sie gern Kontakt zum Webmaster&nbsp;auf. Rechtliche HinweiseEs handelt sich bei dieser Homepage um eine Private ohne gewerblichen Zweck. Sie wird durch den Webmaster und das UNO-Team gepr\u00fcft.&nbsp;Zudem aktualisiert das Team die Informationen auf den Webseiten st\u00e4ndig. Trotz aller Sorgfalt k\u00f6nnen sich die Daten inzwischen ver\u00e4ndert haben. Eine Haftung oder Garantie &hellip; <\/p>\n<p class=\"link-more\"><a href=\"https:\/\/landesunoverband.de\/?page_id=14\" class=\"more-link\"><span class=\"screen-reader-text\">\u201eKontakt\u201c<\/span> weiterlesen<\/a><\/p>\n","protected":false},"author":1,"featured_media":0,"parent":0,"menu_order":0,"comment_status":"closed","ping_status":"closed","template":"","meta":{"_crdt_document":"","footnotes":""},"class_list":["post-14","page","type-page","status-publish","hentry"],"_links":{"self":[{"href":"https:\/\/landesunoverband.de\/index.php?rest_route=\/wp\/v2\/pages\/14","targetHints":{"allow":["GET"]}}],"collection":[{"href":"https:\/\/landesunoverband.de\/index.php?rest_route=\/wp\/v2\/pages"}],"about":[{"href":"https:\/\/landesunoverband.de\/index.php?rest_route=\/wp\/v2\/types\/page"}],"author":[{"embeddable":true,"href":"https:\/\/landesunoverband.de\/index.php?rest_route=\/wp\/v2\/users\/1"}],"replies":[{"embeddable":true,"href":"https:\/\/landesunoverband.de\/index.php?rest_route=%2Fwp%2Fv2%2Fcomments&post=14"}],"version-history":[{"count":9,"href":"https:\/\/landesunoverband.de\/index.php?rest_route=\/wp\/v2\/pages\/14\/revisions"}],"predecessor-version":[{"id":78,"href":"https:\/\/landesunoverband.de\/index.php?rest_route=\/wp\/v2\/pages\/14\/revisions\/78"}],"wp:attachment":[{"href":"https:\/\/landesunoverband.de\/index.php?rest_route=%2Fwp%2Fv2%2Fmedia&parent=14"}],"curies":[{"name":"wp","href":"https:\/\/api.w.org\/{rel}","templated":true}]}}